{"id":2141,"date":"2016-03-21T09:47:36","date_gmt":"2016-03-21T08:47:36","guid":{"rendered":"http:\/\/www.lafilandasalento.it\/de\/la-storia\/"},"modified":"2018-11-16T14:23:03","modified_gmt":"2018-11-16T13:23:03","slug":"geschichte","status":"publish","type":"page","link":"https:\/\/www.lafilandasalento.it\/de\/geschichte\/","title":{"rendered":"Geschichte"},"content":{"rendered":"[vc_row type=&#8221;in_container&#8221; scene_position=&#8221;center&#8221; text_color=&#8221;dark&#8221; text_align=&#8221;left&#8221; top_padding=&#8221;90&#8243; bottom_padding=&#8221;90&#8243; overlay_strength=&#8221;0.3&#8243;][vc_column column_padding=&#8221;no-extra-padding&#8221; column_padding_position=&#8221;all&#8221; background_color_opacity=&#8221;1&#8243; background_hover_color_opacity=&#8221;1&#8243; width=&#8221;1\/1&#8243;][vc_column_text]Das Geb\u00e4ude wurde in zwei Phasen erbaut: das Erdgescho\u00df in der ersten H\u00e4lfte des 19. Jahrhunderts und der erste Stock in der zweiten H\u00e4lfte des 19. und zu Beginn des darauffolgenden Jahrhunderts. Auf Stra\u00dfenniveau gelangte man in zwei gro\u00dfe R\u00e4ume mit Sterngew\u00f6lbe und vier gro\u00dfen Kaminen, die zur Verarbeitung der Landwirtschaftsprodukte bestimmt waren. Dann wurde ein Raum mit Toilette dazugebaut, der als G\u00e4steunterkunft diente und unter anderem <em>Marco Buratti<\/em>, den letzten Verwalter des Landwirtschftsbetriebes <em>De Viti De Marco<\/em>, beherbergte. Auch <em>Adele Rossi<\/em> empfing man dort, Frau des Philosophen <em>Benedetto Croce<\/em> und Freundin von <em>Donna Carolina<\/em>, Schwester des gro\u00dfen Wirtschaftswissenschaftlers <em>Antonio De Viti De Marco<\/em>: er war es, der zu Ende des 19. Jahrhunderts die Seidenraupenzucht in Casamassella begann.<\/p>\n<p>Um die Geschichte der Filanda zu verfolgen, sind die Archive der Stiftung <em>Le Costantine<\/em> besonders \u201cwertvoll\u201d, in der einige Rechnungsb\u00fccher der Familie De Viti De Marco aufbewahrt sind.<\/p>\n<p>Um die Jahrhundertwende wollte man das Geb\u00e4ude f\u00fcr den Produktionszyklus der Seidenraupenzucht um weitere R\u00e4ume vergr\u00f6\u00dfern. Der erste Stock wurde gebaut und das ganze Geb\u00e4ude zu einer Spinnerei gemacht. W\u00e4hrend des ersten Weltkrieges benutzten die Engl\u00e4nder einen Teil des Geb\u00e4udes als St\u00fctzpunkt f\u00fcr die Milit\u00e4rlager in Otranto: das bezeugt das Klostergew\u00f6lbe eines Raumes im ersten Stock, in typisch angels\u00e4chsischer Bauweise aus kleinen roten Ziegeln errichtet. In den folgenden Jahren diente das Geb\u00e4ude als Tabakfabrik, als Lebensmittellager, und um 1940 wurde ein Teil davon ein Jahrzehnt lang als Volksschule benutzt. Nach Antonios Tod erbte es James De Viti De Marco, sein Sohn und der letzte Marquis von Casamassella. Als er Anfang der 60er Jahre starb, begann der wirtschaftliche Abstieg der Familie und der Verlust ihres Immobilienbesitzes: das Geb\u00e4ude wurde aufgeteilt und an vier neue Besitzer verkauft.<\/p>\n<p>Zwischen 1962 und 1968 wurde ein Teil des Erdgescho\u00dfes zu einer Werkstatt, in der auf Webst\u00fchlen handgewebt wurde, eine Kunst, die bereits seit dem ersten Weltkrieg unter den \u00f6rtlichen B\u00e4uerinnen verbreitet war und unter der Leitung <em>Donna Carolina De Viti De Marcos<\/em> und ihrer Tochter <em>Giulia Starace<\/em> zu organisierter Arbeit wurde, die den Frauen des Dorfes Einkommen und Selbstbewu\u00dftsein verschaffte.<\/p>\n<p>Nach so vielen Jahren ist <strong>La Filanda<\/strong> heute wieder in einer Hand, Arbeitsplatz, Privatraum und ein Ort ausgezeichneter salentinischer Gastfreundschaft. Eine <strong>charmante Unterkunft nahe bei Otranto<\/strong>, der ideale Ort, um entspannte <strong>Ferien im Salento<\/strong> zu verbringen.[\/vc_column_text][\/vc_column][\/vc_row]\n","protected":false},"excerpt":{"rendered":"<p>[vc_row type=&#8221;in_container&#8221; scene_position=&#8221;center&#8221; text_color=&#8221;dark&#8221; text_align=&#8221;left&#8221; top_padding=&#8221;90&#8243; bottom_padding=&#8221;90&#8243; overlay_strength=&#8221;0.3&#8243;][vc_column column_padding=&#8221;no-extra-padding&#8221; column_padding_position=&#8221;all&#8221;&#8230;<\/p>\n","protected":false},"author":3,"featured_media":0,"parent":0,"menu_order":0,"comment_status":"closed","ping_status":"open","template":"","meta":[],"yoast_head":"<!-- This site is optimized with the Yoast SEO plugin v17.5 - https:\/\/yoast.com\/wordpress\/plugins\/seo\/ -->\n<title>Vacanza nel Salento perfetta - Filanda<\/title>\n<meta name=\"description\" content=\"Vacanza nel Salento. La Filanda \u00e8 tornata a essere un\u2019unica propriet\u00e0, un luogo di lavoro, uno spazio privato e un angolo eccellente di ospitalit\u00e0 salentina\" \/>\n<meta name=\"robots\" content=\"index, follow, max-snippet:-1, max-image-preview:large, max-video-preview:-1\" \/>\n<link rel=\"canonical\" href=\"https:\/\/www.lafilandasalento.it\/de\/geschichte\/\" \/>\n<meta property=\"og:locale\" content=\"de_DE\" \/>\n<meta property=\"og:type\" content=\"article\" \/>\n<meta property=\"og:title\" content=\"Vacanza nel Salento perfetta - Filanda\" \/>\n<meta property=\"og:description\" content=\"Vacanza nel Salento. La Filanda \u00e8 tornata a essere un\u2019unica propriet\u00e0, un luogo di lavoro, uno spazio privato e un angolo eccellente di ospitalit\u00e0 salentina\" \/>\n<meta property=\"og:url\" content=\"https:\/\/www.lafilandasalento.it\/de\/geschichte\/\" \/>\n<meta property=\"og:site_name\" content=\"La Filanda\" \/>\n<meta property=\"article:modified_time\" content=\"2018-11-16T13:23:03+00:00\" \/>\n<meta name=\"twitter:card\" content=\"summary\" \/>\n<meta name=\"twitter:label1\" content=\"Est. reading time\" \/>\n\t<meta name=\"twitter:data1\" content=\"2 minutes\" \/>\n<script type=\"application\/ld+json\" class=\"yoast-schema-graph\">{\"@context\":\"https:\/\/schema.org\",\"@graph\":[{\"@type\":\"WebSite\",\"@id\":\"https:\/\/www.lafilandasalento.it\/#website\",\"url\":\"https:\/\/www.lafilandasalento.it\/\",\"name\":\"La Filanda\",\"description\":\"dimora storica di charme vicino a Otranto\",\"potentialAction\":[{\"@type\":\"SearchAction\",\"target\":{\"@type\":\"EntryPoint\",\"urlTemplate\":\"https:\/\/www.lafilandasalento.it\/?s={search_term_string}\"},\"query-input\":\"required name=search_term_string\"}],\"inLanguage\":\"de-DE\"},{\"@type\":\"WebPage\",\"@id\":\"https:\/\/www.lafilandasalento.it\/de\/geschichte\/#webpage\",\"url\":\"https:\/\/www.lafilandasalento.it\/de\/geschichte\/\",\"name\":\"Vacanza nel Salento perfetta - Filanda\",\"isPartOf\":{\"@id\":\"https:\/\/www.lafilandasalento.it\/#website\"},\"datePublished\":\"2016-03-21T08:47:36+00:00\",\"dateModified\":\"2018-11-16T13:23:03+00:00\",\"description\":\"Vacanza nel Salento. La Filanda \\u00e8 tornata a essere un\\u2019unica propriet\\u00e0, un luogo di lavoro, uno spazio privato e un angolo eccellente di ospitalit\\u00e0 salentina\",\"breadcrumb\":{\"@id\":\"https:\/\/www.lafilandasalento.it\/de\/geschichte\/#breadcrumb\"},\"inLanguage\":\"de-DE\",\"potentialAction\":[{\"@type\":\"ReadAction\",\"target\":[\"https:\/\/www.lafilandasalento.it\/de\/geschichte\/\"]}]},{\"@type\":\"BreadcrumbList\",\"@id\":\"https:\/\/www.lafilandasalento.it\/de\/geschichte\/#breadcrumb\",\"itemListElement\":[{\"@type\":\"ListItem\",\"position\":1,\"name\":\"Home\",\"item\":\"https:\/\/www.lafilandasalento.it\/de\/\"},{\"@type\":\"ListItem\",\"position\":2,\"name\":\"Geschichte\"}]}]}<\/script>\n<!-- \/ Yoast SEO plugin. -->","yoast_head_json":{"title":"Vacanza nel Salento perfetta - Filanda","description":"Vacanza nel Salento. La Filanda \u00e8 tornata a essere un\u2019unica propriet\u00e0, un luogo di lavoro, uno spazio privato e un angolo eccellente di ospitalit\u00e0 salentina","robots":{"index":"index","follow":"follow","max-snippet":"max-snippet:-1","max-image-preview":"max-image-preview:large","max-video-preview":"max-video-preview:-1"},"canonical":"https:\/\/www.lafilandasalento.it\/de\/geschichte\/","og_locale":"de_DE","og_type":"article","og_title":"Vacanza nel Salento perfetta - Filanda","og_description":"Vacanza nel Salento. La Filanda \u00e8 tornata a essere un\u2019unica propriet\u00e0, un luogo di lavoro, uno spazio privato e un angolo eccellente di ospitalit\u00e0 salentina","og_url":"https:\/\/www.lafilandasalento.it\/de\/geschichte\/","og_site_name":"La Filanda","article_modified_time":"2018-11-16T13:23:03+00:00","twitter_card":"summary","twitter_misc":{"Est. reading time":"2 minutes"},"schema":{"@context":"https:\/\/schema.org","@graph":[{"@type":"WebSite","@id":"https:\/\/www.lafilandasalento.it\/#website","url":"https:\/\/www.lafilandasalento.it\/","name":"La Filanda","description":"dimora storica di charme vicino a Otranto","potentialAction":[{"@type":"SearchAction","target":{"@type":"EntryPoint","urlTemplate":"https:\/\/www.lafilandasalento.it\/?s={search_term_string}"},"query-input":"required name=search_term_string"}],"inLanguage":"de-DE"},{"@type":"WebPage","@id":"https:\/\/www.lafilandasalento.it\/de\/geschichte\/#webpage","url":"https:\/\/www.lafilandasalento.it\/de\/geschichte\/","name":"Vacanza nel Salento perfetta - Filanda","isPartOf":{"@id":"https:\/\/www.lafilandasalento.it\/#website"},"datePublished":"2016-03-21T08:47:36+00:00","dateModified":"2018-11-16T13:23:03+00:00","description":"Vacanza nel Salento. La Filanda \u00e8 tornata a essere un\u2019unica propriet\u00e0, un luogo di lavoro, uno spazio privato e un angolo eccellente di ospitalit\u00e0 salentina","breadcrumb":{"@id":"https:\/\/www.lafilandasalento.it\/de\/geschichte\/#breadcrumb"},"inLanguage":"de-DE","potentialAction":[{"@type":"ReadAction","target":["https:\/\/www.lafilandasalento.it\/de\/geschichte\/"]}]},{"@type":"BreadcrumbList","@id":"https:\/\/www.lafilandasalento.it\/de\/geschichte\/#breadcrumb","itemListElement":[{"@type":"ListItem","position":1,"name":"Home","item":"https:\/\/www.lafilandasalento.it\/de\/"},{"@type":"ListItem","position":2,"name":"Geschichte"}]}]}},"_links":{"self":[{"href":"https:\/\/www.lafilandasalento.it\/de\/wp-json\/wp\/v2\/pages\/2141"}],"collection":[{"href":"https:\/\/www.lafilandasalento.it\/de\/wp-json\/wp\/v2\/pages"}],"about":[{"href":"https:\/\/www.lafilandasalento.it\/de\/wp-json\/wp\/v2\/types\/page"}],"author":[{"embeddable":true,"href":"https:\/\/www.lafilandasalento.it\/de\/wp-json\/wp\/v2\/users\/3"}],"replies":[{"embeddable":true,"href":"https:\/\/www.lafilandasalento.it\/de\/wp-json\/wp\/v2\/comments?post=2141"}],"version-history":[{"count":0,"href":"https:\/\/www.lafilandasalento.it\/de\/wp-json\/wp\/v2\/pages\/2141\/revisions"}],"wp:attachment":[{"href":"https:\/\/www.lafilandasalento.it\/de\/wp-json\/wp\/v2\/media?parent=2141"}],"curies":[{"name":"wp","href":"https:\/\/api.w.org\/{rel}","templated":true}]}}